{"id":15,"date":"2014-06-30T08:46:35","date_gmt":"2014-06-30T08:46:35","guid":{"rendered":"http:\/\/localhost\/mangelsmestre\/?page_id=15"},"modified":"2019-07-29T16:49:32","modified_gmt":"2019-07-29T14:49:32","slug":"articulos-de-interes","status":"publish","type":"page","link":"https:\/\/www.mangelsmestre.com\/main\/articulos-de-interes\/","title":{"rendered":"Art\u00edculos de inter\u00e9s"},"content":{"rendered":"<p><strong>La Contra de La Vanguardia. &#8211; 20-09-2007<\/strong><br \/>\n<a href=\"http:\/\/www.mangelsmestre.com\/wp-content\/uploads\/sites\/4\/2019\/04\/La-Contra-de-La-Vanguardia_20_09_2007.pdf\">La Contra de La Vanguardia_20 &#8211; 09 &#8211; 2007<\/a><\/p>\n<p><strong>Tendencias La Vanguardia. &#8211; 21-02-2015<\/strong><br \/>\n<a href=\"http:\/\/www.mangelsmestre.com\/wp-content\/uploads\/sites\/4\/2019\/04\/Tendendias-La-Vanguardia-21_02_2015.pdf\">Tendendias La Vanguardia 21 &#8211; 02 &#8211; 2015<\/a><\/p>\n<p><strong>Tendencias La Vanguardia. &#8211; 22-02-2016<\/strong><br \/>\n<a href=\"http:\/\/www.mangelsmestre.com\/wp-content\/uploads\/sites\/4\/2019\/04\/Tendencias_La-cocina-alternativa_22_02_2016.pdf\">Tendencias_La cocina alternativa_22 &#8211; 02 &#8211; 2016<\/a><\/p>\n<p><strong>The Ecologist. &#8211; 01-01-2016<\/strong><br \/>\n<a href=\"http:\/\/www.mangelsmestre.com\/main\/wp-content\/uploads\/2016\/01\/the-ecologist64-MARIA-ANGELES-MESTRE.pdf\" target=\"_blank\" rel=\"noopener noreferrer\">\u00abContaminaci\u00f3n electromagn\u00e9tica\u00bb (formato pdf)<\/a><\/p>\n<p><strong>M\u00e1s all\u00e1 del dolor. Reportaje-trabajo fin de grado periodismo de Elba Mendoza &#8211; 05\/2015<\/strong><br \/>\n<a href=\"http:\/\/www.mangelsmestre.com\/main\/wp-content\/uploads\/RERPOTAJE-ELBA-MENDOZA.pdf\" target=\"_blank\" rel=\"noopener noreferrer\">Reportaje de Elba Mendoza (formato pdf)<\/a><\/p>\n<p><strong>Los Pilares de la Salud. &#8211; 04\/2015<br \/>\n<\/strong><a href=\"http:\/\/www.mangelsmestre.com\/main\/wp-content\/uploads\/2014\/06\/Los-Pilares-de-la-Salud.pdf\" target=\"_blank\" rel=\"noopener noreferrer\">Los Pilares de la Salud (formato pdf)<\/a><\/p>\n<p><strong>Revista Digital La Citadina. &#8211; 02\/2014<\/strong><br \/>\n<a href=\"http:\/\/lacitadina.com.uy\/2014\/02\/12\/ya-hace-casi-nueve-anos-que-estoy-asintomatica-y-para-mi-esto-es-estar-curada\/\" target=\"_blank\" rel=\"noopener noreferrer\">lacitadina.com.uy<\/a><\/p>\n<p><strong>Dandelion. &#8211; 04-2014<\/strong><a href=\"http:\/\/www.mangelsmestre.com\/prensa_files_new\/Dandelion_N_5.pdf\" target=\"_blank\" rel=\"noopener noreferrer\"><br \/>\n\u00abHacia la salud desde la enfermedad\u00bb (formato pdf 1,23MB)<\/a><\/p>\n<p><strong>Un c\u00f3ctel de salud y vida en nuestro plato. &#8211; 08-2013<\/strong><br \/>\n<a href=\"http:\/\/www.mangelsmestre.com\/prensa_files_new\/dandelion\/dandelion.pdf\" target=\"_blank\" rel=\"noopener noreferrer\">FITOQU\u00cdMICOS (formato pdf 7288kb)<\/a><\/p>\n<p><strong>EL BLOG DE LOS BUSCADORES by Carol S\u00e1nchez. &#8211; 03-07-2013<\/strong><br \/>\n<a href=\"http:\/\/carolcoach88.blogspot.com.es\/2013\/07\/si-no-hay-amor-hay-dolor.html\" target=\"_blank\" rel=\"noopener noreferrer\">SI NO HAY AMOR, HAY DOLOR<\/a><\/p>\n<p><strong>El Sendero del Medio. &#8211; 05-04-2012<\/strong><a href=\"http:\/\/www.mangelsmestre.com\/prensa_files_new\/elsendero\/elSendero.pdf\" target=\"_blank\" rel=\"noopener noreferrer\"><br \/>\n\u00abEntrevistas de El Sendero en Barcelona\u00bb (formato pdf 5491kb)<\/a><\/p>\n<p><strong>The Ecologist. &#8211; 09-2011<\/strong><br \/>\n<a href=\"http:\/\/www.mangelsmestre.com\/prensa_files_new\/2_Pages_from_The_Ecologist_Octubre_2011.pdf\" target=\"_blank\" rel=\"noopener noreferrer\">La fibromialgia y el SFC se pueden curar. (formato pdf 1539 kb)<\/a><\/p>\n<p><strong>Revista Avanzando. &#8211; N\u00famero 13 &#8211; AFMAVI &#8211; Asociaci\u00f3n de enfermos de Fibromialgia y s\u00edndrome de Fatiga Cr\u00f3nica de \u00c1vila -.<\/strong><br \/>\n<a href=\"http:\/\/www.mangelsmestre.com\/prensa_files_new\/avanzando.pdf\" target=\"_blank\" rel=\"noopener noreferrer\">Charla: \u00abDE LA ENFERMEDAD A LA SALUD\u00bb (Por D\u00f1a M\u00aa \u00c1ngels Mestre) (formato pdf 556 kb)<\/a><\/p>\n<p><strong>TU MISMO. Valencia &#8211; N\u00famero 40 &#8211; 01-2011<\/strong><br \/>\n<a href=\"http:\/\/www.mangelsmestre.com\/prensa_files_new\/tuMismo.pdf\" target=\"_blank\" rel=\"noopener noreferrer\">\u00abYo pude, t\u00fa puedes\u00bb (formato pdf 3570 kb)<\/a><\/p>\n<p><strong>Revista Prevenir 114-119 Testimonio 213 &#8211; 2010<\/strong><a href=\"http:\/\/www.mangelsmestre.com\/prensa_files_new\/prevenir.pdf\" target=\"_blank\" rel=\"noopener noreferrer\"><br \/>\n\u00abHoy vivo sin el dolor de la fibromialgia\u00bb (formato pdf 3,23 MB)<\/a><\/p>\n<p><strong>Psicolog\u00eda Pr\u00e1ctica &#8211; N\u00famero 137 &#8211; 06-08-2010<\/strong><br \/>\n<a href=\"http:\/\/www.mangelsmestre.com\/prensa_files_new\/practica_137.pdf\" target=\"_blank\" rel=\"noopener noreferrer\"> \u00abHe ganado a la fibromialgia\u00bb (formato pdf 3520kb)<\/a><\/p>\n<p><strong>Diario de Terrassa. &#8211; 17-07-2010<\/strong><br \/>\n<a href=\"http:\/\/www.mangelsmestre.com\/prensa_files_new\/diarioDeTerrassa\/DiariTerrassaMestre.pdf\" target=\"_blank\" rel=\"noopener noreferrer\">\u00abLa enfermedad no es tu enemiga sino tu maestra\u00bb (formato pdf 547 kb)<\/a><\/p>\n<p><strong>Eupalinos. &#8211; 01-2007, 02-2007<\/strong><br \/>\n<a href=\"http:\/\/www.mangelsmestre.com\/prensa_files_new\/eupalinos\/eupalinos_25_esp.pdf\" target=\"_blank\" rel=\"noopener noreferrer\">\u00abHablemos de fibromialgia. Yo la he ganado, t\u00fa tambi\u00e9n puedes\u00bb (formato pdf 884kb)<\/a><br \/>\n<a href=\"http:\/\/www.mangelsmestre.com\/prensa_files_new\/eupalinos\/eupalinos_25_cat.pdf\" target=\"_blank\" rel=\"noopener noreferrer\">\u00abPalrlem de fibromi\u00e0lgia. Jo l&#8217;he guanyat, tu tamb\u00e9 pots\u00bb (formato pdf 868kb)<\/a><\/p>\n<p><strong>Psicolog\u00eda Pr\u00e1ctica. &#8211; 02-2008<\/strong><br \/>\n<a href=\"http:\/\/www.mangelsmestre.com\/prensa_files_new\/psicologia\/psico.pdf\" target=\"_blank\" rel=\"noopener noreferrer\">\u00abLa mente puede curar la enfermedad\u00bb (formato pdf 8860kb)<\/a><\/p>\n<p><strong>dDona.<\/strong> <strong> &#8211; <\/strong><strong>Invierno 2008<\/strong><br \/>\n<a href=\"http:\/\/www.mangelsmestre.com\/prensa_files_new\/ddona\/ddona.pdf\" target=\"_blank\" rel=\"noopener noreferrer\">\u00abFibromialgia\u00bb por M\u00aa \u00c1ngels Mestre (formato pdf 504kb)<\/a><\/p>\n<p><strong>Athanor. &#8211; 06-2007<\/strong><br \/>\n<a href=\"http:\/\/www.mangelsmestre.com\/prensa_files_new\/athanor\/athanor.pdf\" target=\"_blank\" rel=\"noopener noreferrer\">\u00abSuperar la Fibromialgia\u00bb (formato pdf 536kb)<\/a><\/p>\n<p><strong>GEA. &#8211; Invierno. 2006-2007<\/strong><br \/>\n<a href=\"http:\/\/www.mangelsmestre.com\/prensa_files_new\/gea\/gea.pdf\" target=\"_blank\" rel=\"noopener noreferrer\">\u00abSuperando la fibromialgia\u00bb (formato pdf 676kb)<\/a><\/p>\n<p><strong>Valencia hui. &#8211; 18-4-2008<\/strong><br \/>\n<a href=\"http:\/\/www.mangelsmestre.com\/prensa_files_new\/hui\/valenciaHui.pdf\" target=\"_blank\" rel=\"noopener noreferrer\">\u00abPara m\u00ed no existen enfermedades cr\u00f3nicas, podemos autocurarnos\u201d (formato pdf72kb)<\/a><\/p>\n<p><strong>EL PUNT. Tarragona. &#8211; 04-01-2008<\/strong><br \/>\n<a href=\"http:\/\/www.mangelsmestre.com\/prensa_files_new\/punt\/El%20Punt.Tarragona.04-01-2008.pdf\" target=\"_blank\" rel=\"noopener noreferrer\">\u00abEl proc\u00e9s per arribar a ser \u00abexfibromi\u00e0lgic\u00bb\u00bb (89kb)<\/a><\/p>\n<p><strong>Diari Sabadell. &#8211; 9-10-2007<\/strong><br \/>\n<a href=\"http:\/\/www.mangelsmestre.com\/prensa_files_new\/diari_sabadell\/opinio.pdf\" target=\"_blank\" rel=\"noopener noreferrer\"> \u00abJa no em fa mal res\u00bb (formato pdf 204kb)<br \/>\n<\/a><a href=\"http:\/\/www.mangelsmestre.com\/prensa_files_new\/diari_sabadell\/un_libro.pdf\" target=\"_blank\" rel=\"noopener noreferrer\">\u00abUn libro ense\u00f1a como superar la fibromialgia\u00bb (formato pdf 68kb)<\/a><\/p>\n<p><strong>Salud Vital &#8211; N\u00famero 65<\/strong><br \/>\n<a href=\"http:\/\/www.mangelsmestre.com\/prensa_files_new\/salud_vital\/salud_vital.pdf\" target=\"_blank\" rel=\"noopener noreferrer\">\u00abLa fibromialgia es cr\u00f3nica solo si entregas el podes a los dem\u00e1s\u00bb (formato pdf 1,1mb)<\/a><\/p>\n<p><strong>Diet\u00e9tica y Salud &#8211; N\u00famero 125 &#8211; 09-2007<\/strong><br \/>\n<a href=\"http:\/\/www.mangelsmestre.com\/prensa_files_new\/dietetica_y_salud\/diet_y_salud.pdf\" target=\"_blank\" rel=\"noopener noreferrer\">\u00abLa fibromialgia se puede superar\u00bb (formato pdf 268kb)<\/a><\/p>\n<p><strong>El D\u00eda, Canarias. &#8211; 16-11-2007<\/strong><br \/>\n<a href=\"http:\/\/www.mangelsmestre.com\/prensa_files_new\/el_dia_tenerife\/El_Dia-%20Tenerife.18.11.07.pdf\" target=\"_blank\" rel=\"noopener noreferrer\">\u00abLa fibromialgia es la enfermedad de las emociones contenidas\u00bb (formato pdf 616kb)<\/a><\/p>\n<p><strong>La Opini\u00f3n de Tenerife. &#8211; 16-11-2007<\/strong><br \/>\n<a href=\"http:\/\/www.mangelsmestre.com\/prensa_files_new\/la_opinion_tenerife\/Diario%20La%20Opinion%20de%20Tenerife.16-11-2007.pdf\" target=\"_blank\" rel=\"noopener noreferrer\">\u00abUna cura para la fibromialgia\u00bb (114kb)<\/a><\/p>\n<p><strong>Levante de Castell\u00f3n. El Mercantil Valenciano. &#8211; 03-02-2008<\/strong><br \/>\n<a href=\"http:\/\/www.mangelsmestre.com\/prensa_files_new\/levante_castellon\/LEVANTE.CASTELLO.03-02-2008.pdf\" target=\"_blank\" rel=\"noopener noreferrer\">\u00abLa fibromialgia deriva de emociones contenidas que hay que aprender a liberar\u00bb (2177kb)<\/a><\/p>\n<p><strong>El Peri\u00f3dico de Arag\u00f3n. &#8211; 18-1-2008<\/strong><br \/>\n<a href=\"http:\/\/www.mangelsmestre.com\/prensa_files_new\/Periodico_aragon\/Periodico%20_Aragon.18.01.08.pdf\" target=\"_blank\" rel=\"noopener noreferrer\">\u00abLa medicina natural reduce los s\u00edntomas de la fibromialgia\u00bb (formato pdf 2420kb)<\/a><\/p>\n<p><strong>Diari Segre. Lleida. &#8211; 30-11-2007<\/strong><br \/>\n<a href=\"http:\/\/www.mangelsmestre.com\/prensa_files_new\/segre\/SEGRE%2030-11-07.pdf\" target=\"_blank\" rel=\"noopener noreferrer\">\u00abEl secreto de la fibromialgia es aceptar su parte emocional\u00bb (formato pdf 1052kb)<\/a><\/p>\n<p><strong>La Ma\u00f1ana. Lleida. &#8211; 30-11-2007<\/strong><br \/>\n<a href=\"http:\/\/www.mangelsmestre.com\/prensa_files_new\/manana\/LA%20MANANA%2030-11-07.pdf\" target=\"_blank\" rel=\"noopener noreferrer\">\u00abLa medicina natural, posible remedio para superar la fibromialgia\u00bb (formato pdf 822kb)<\/a><\/p>\n<p><strong>Diari de Girona. &#8211; 23-11-2007<\/strong><br \/>\n<a href=\"http:\/\/www.mangelsmestre.com\/prensa_files_new\/girona\/girona.pdf\" target=\"_blank\" rel=\"noopener noreferrer\">\u00abPresenten un llibre sobre fibromi\u00e0lgia\u00bb (formato pdf 218kb)<\/a><\/p>\n<p><strong>El Baluard. Tarragona. &#8211; 06-2007, 07-2007<\/strong><br \/>\n<a href=\"http:\/\/www.mangelsmestre.com\/prensa_files_new\/el_baluard\/el_baluard_1.pdf\" target=\"_blank\" rel=\"noopener noreferrer\">\u00abParlem de fibromi\u00e0gia\u00bb (formato pdf 40kb)<br \/>\n<\/a><a href=\"http:\/\/www.mangelsmestre.com\/prensa_files_new\/el_baluard\/el_baluard_2.pdf\" target=\"_blank\" rel=\"noopener noreferrer\">\u00abParlem de fibromi\u00e0gia. La malaltia \u00bb (formato pdf 40kb)<\/a><\/p>\n<p><strong>Entrevista Contraportada Diari de Tarragona. &#8211; 7-8-2007<\/strong><br \/>\n<a href=\"http:\/\/www.mangelsmestre.com\/prensa_files_new\/diari_tarragona\/tarragona_3.pdf\" target=\"_blank\" rel=\"noopener noreferrer\">\u00abLo he superado porque me dije a m\u00ed misma: yo me quiero curar\u00bb (formato pdf 156kb)<\/a><\/p>\n<p><strong>Col-legi d&#8217;Arquitectes de Barcelona. &#8211; 05-2-2008<\/strong><br \/>\n<a href=\"http:\/\/www.mangelsmestre.com\/prensa_files_new\/CollegiArquitectesBarcelona2008\/CollegiArquitectesBarcelona2008.pdf\" target=\"_blank\" rel=\"noopener noreferrer\">\u00abPRESENTACI\u00d3 DEL LLIBRE \u201cPARLEM DE FIBROMI\u00c0LGIA\u201d A LA SALA D\u2019ACTES DEL COL-LEGI D\u2019ARQUITECTES DE BARCELONA\u00bb (890kb)<\/a><\/p>\n<p><strong>La veu de Palau. Informatiu Municipal de l&#8217;Ajuntament de Santa Maria de Palautordera. &#8211; N\u00famero 4 &#8211; Abril-maig 2008. <\/strong><br \/>\n<a href=\"http:\/\/www.mangelsmestre.com\/prensa_files_new\/la_veu_de_palau\/la_veu_de_palau.pdf\" target=\"_blank\" rel=\"noopener noreferrer\">\u00abJo he ven\u00e7ut la fibromi\u00e0lgia\u00bb (4943kb)<\/a><\/p>\n<p><strong>MIA. La revista pr\u00e1ctica. &#8211; Mayo 2008<\/strong><br \/>\n<a href=\"http:\/\/www.mangelsmestre.com\/prensa_files_new\/mia\/RevistaMIAMayo2008.jpg\" target=\"_blank\" rel=\"noopener noreferrer\">\u00abLa fibromialgia me salv\u00f3 la vida\u00bb (2422kb)<\/a><\/p>\n<p><strong>Diari de Tarragona. Reus. &#8211; 25-5-2008.<\/strong><br \/>\n<a href=\"http:\/\/www.mangelsmestre.com\/prensa_files_new\/tarragona_reus\/tarragona-reus.pdf\" target=\"_blank\" rel=\"noopener noreferrer\">\u00abLas emociones contenidas son las culpables\u00bb (209kb)<\/a><\/p>\n<p><strong>Spiral magazine. La revista dels Centres Marsan &#8211; N\u00famero 23 &#8211; Junio 2008. Barcelona<\/strong><br \/>\n<a href=\"http:\/\/www.mangelsmestre.com\/prensa_files_new\/marsan\/Marsan.Revista%20Spiral.Juny%202008.pdf\" target=\"_blank\" rel=\"noopener noreferrer\">\u00abEl primer pas per curar-nos \u00e9s prendre part activa de la nostra malaltia\u00bb (323kb)<\/a><\/p>\n<p><strong>Diario El d\u00eda de Tenerife. &#8211; 06-03-2009<\/strong><br \/>\n<a href=\"http:\/\/www.mangelsmestre.com\/prensa_files_new\/el_dia_tenerife\/Diario-El-dia_Tenerife_6-3-09.jpg\" target=\"_blank\" rel=\"noopener noreferrer\">Las fuerzas para curarte se descubren con la meditaci\u00f3n (311 kb)<\/a><\/p>\n<p><strong>dDona &#8211; N\u00famero 14 &#8211; Primavera 2009<\/strong><br \/>\n<a href=\"http:\/\/www.mangelsmestre.com\/prensa_files_new\/dDona\/dDona-n-14.Primavera-09.jpg\" target=\"_blank\" rel=\"noopener noreferrer\">La enfermedad mi amiga (318 kb)<\/a><\/p>\n<p><strong>La Opini\u00f3n de Tenerife. &#8211; 07-03-2009<\/strong><br \/>\n<a href=\"http:\/\/www.mangelsmestre.com\/prensa_files_new\/la_opinion_tenerife\/La%20Opinion%20de%20Tenerife.7-3-09.pdf\" target=\"_blank\" rel=\"noopener noreferrer\">Mestre relata en su libre c\u00f3mo super\u00f3 con la medicina hol\u00edstica la fibromialgia (formato pdf 236kb)<\/a><\/p>\n<p><strong>Revista \u00abmia\u00bb. &#8211; N\u00famero 1183 &#8211; Mayo 2009<\/strong><br \/>\n<a href=\"http:\/\/www.mangelsmestre.com\/prensa_files_new\/mia\/mia.pdf\" target=\"_blank\" rel=\"noopener noreferrer\">Superar el dolor (formato pdf 5267kb)<\/a><\/p>\n<p><strong>Entrevista de Mensalus (Instituto de Asistencia Psicol\u00f3gica). &#8211; 12-11-2010<\/strong><br \/>\n<a href=\"http:\/\/www.mangelsmestre.com\/prensa_files_new\/mensalus.pdf\" target=\"_blank\" rel=\"noopener noreferrer\">Superar la Fibromialgia (formato jpg 75kb)<\/a><\/p>\n<p><strong>Diario de Tarragona (Conferencia en Valls). &#8211; 29-10-2010<\/strong><br \/>\n<a href=\"http:\/\/www.mangelsmestre.com\/prensa_files_new\/valls.jpg\" target=\"_blank\" rel=\"noopener noreferrer\">Exitosa xerrada de M. Angles Mestre sobre la Fibromialgia. (formato pdf 1685kb)<\/a><\/p>\n","protected":false},"excerpt":{"rendered":"<p>La Contra de La Vanguardia. &#8211; 20-09-2007 La Contra de La Vanguardia_20 &#8211; 09 &#8211; 2007 Tendencias La Vanguardia. &#8211; [&hellip;]<\/p>\n","protected":false},"author":1,"featured_media":0,"parent":0,"menu_order":0,"comment_status":"closed","ping_status":"closed","template":"","meta":{"footnotes":""},"class_list":["post-15","page","type-page","status-publish","hentry"],"_links":{"self":[{"href":"https:\/\/www.mangelsmestre.com\/main\/wp-json\/wp\/v2\/pages\/15","targetHints":{"allow":["GET"]}}],"collection":[{"href":"https:\/\/www.mangelsmestre.com\/main\/wp-json\/wp\/v2\/pages"}],"about":[{"href":"https:\/\/www.mangelsmestre.com\/main\/wp-json\/wp\/v2\/types\/page"}],"author":[{"embeddable":true,"href":"https:\/\/www.mangelsmestre.com\/main\/wp-json\/wp\/v2\/users\/1"}],"replies":[{"embeddable":true,"href":"https:\/\/www.mangelsmestre.com\/main\/wp-json\/wp\/v2\/comments?post=15"}],"version-history":[{"count":12,"href":"https:\/\/www.mangelsmestre.com\/main\/wp-json\/wp\/v2\/pages\/15\/revisions"}],"predecessor-version":[{"id":2080,"href":"https:\/\/www.mangelsmestre.com\/main\/wp-json\/wp\/v2\/pages\/15\/revisions\/2080"}],"wp:attachment":[{"href":"https:\/\/www.mangelsmestre.com\/main\/wp-json\/wp\/v2\/media?parent=15"}],"curies":[{"name":"wp","href":"https:\/\/api.w.org\/{rel}","templated":true}]}}